{"id":2700,"date":"2019-12-12T09:25:07","date_gmt":"2019-12-12T09:25:07","guid":{"rendered":"http:\/\/primemultiloja.com.br\/index.php\/about-us\/"},"modified":"2026-04-05T14:26:31","modified_gmt":"2026-04-05T17:26:31","slug":"sobre-nos","status":"publish","type":"page","link":"https:\/\/primemultiloja.com.br\/index.php\/sobre-nos\/","title":{"rendered":"Sobre N\u00f3s"},"content":{"rendered":"<div class=\"wpb-content-wrapper\"><p>[vc_row][vc_column]<div id=\"ultimate-heading-438469e364b594a86\" class=\"uvc-heading ult-adjust-bottom-margin ultimate-heading-438469e364b594a86 uvc-4843  uvc-heading-default-font-sizes\" data-hspacer=\"no_spacer\"  data-halign=\"left\" style=\"text-align:left\"><div class=\"uvc-heading-spacer no_spacer\" style=\"top\"><\/div><div class=\"uvc-main-heading ult-responsive\"  data-ultimate-target='.uvc-heading.ultimate-heading-438469e364b594a86 h3'  data-responsive-json-new='{\"font-size\":\"\",\"line-height\":\"\"}' ><h3 style=\"--font-weight:theme;margin-bottom:20px;\">Prime Multiloja<\/h3><\/div><div class=\"uvc-sub-heading ult-responsive\"  data-ultimate-target='.uvc-heading.ultimate-heading-438469e364b594a86 .uvc-sub-heading '  data-responsive-json-new='{\"font-size\":\"\",\"line-height\":\"\"}'  style=\"font-weight:normal;margin-bottom:40px;\">A\u00a0<strong>Prime Multiloja<\/strong>\u00a0nasceu para levar at\u00e9 voc\u00ea beleza, cuidado e confian\u00e7a no dia a dia. Trabalhamos com produtos de qualidade, escolhidos com aten\u00e7\u00e3o para atender diferentes estilos e necessidades.<\/p>\n<p><\/div><\/div><style type=\"text\/css\" data-type=\"the7_shortcodes-inline-css\">.shortcode-single-image-wrap.shortcode-single-image-342ed5c1215aa304fa779052b4bf2277.enable-bg-rollover .rollover i,\n.shortcode-single-image-wrap.shortcode-single-image-342ed5c1215aa304fa779052b4bf2277.enable-bg-rollover .rollover-video i {\n  background: -webkit-linear-gradient();\n  background: linear-gradient();\n}\n.shortcode-single-image-wrap.shortcode-single-image-342ed5c1215aa304fa779052b4bf2277 .rollover-icon {\n  font-size: 32px;\n  color: #ffffff;\n  min-width: 44px;\n  min-height: 44px;\n  line-height: 44px;\n  border-radius: 100px;\n  border-style: solid;\n  border-width: 0px;\n}\n.dt-icon-bg-on.shortcode-single-image-wrap.shortcode-single-image-342ed5c1215aa304fa779052b4bf2277 .rollover-icon {\n  background: rgba(255,255,255,0.3);\n  box-shadow: none;\n}<\/style><div class=\"shortcode-single-image-wrap shortcode-single-image-342ed5c1215aa304fa779052b4bf2277 alignnone  vc_custom_1580915144432 enable-bg-rollover dt-icon-bg-off\" ><div class=\"shortcode-single-image\"><div class=\"fancy-media-wrap  layzr-bg\" style=\"\"><img fetchpriority=\"high\" decoding=\"async\" class=\"preload-me lazy-load aspect\" src=\"data:image\/svg+xml,%3Csvg%20xmlns%3D&#39;http%3A%2F%2Fwww.w3.org%2F2000%2Fsvg&#39;%20viewBox%3D&#39;0%200%201600%20800&#39;%2F%3E\" data-src=\"https:\/\/primemultiloja.com.br\/wp-content\/uploads\/2020\/01\/multi-cultural-people-3184419-1600x800.jpg\" data-srcset=\"https:\/\/primemultiloja.com.br\/wp-content\/uploads\/2020\/01\/multi-cultural-people-3184419-1600x800.jpg 1600w\" loading=\"eager\" sizes=\"(max-width: 1600px) 100vw, 1600px\" width=\"1600\" height=\"800\"  data-dt-location=\"https:\/\/primemultiloja.com.br\/index.php\/sobre-nos\/multi-cultural-people-3184419\/\" style=\"--ratio: 1600 \/ 800;\" alt=\"\" \/><\/div><\/div><\/div><div id=\"ultimate-heading-662269e364b5985f2\" class=\"uvc-heading ult-adjust-bottom-margin ultimate-heading-662269e364b5985f2 uvc-3233  uvc-heading-default-font-sizes\" data-hspacer=\"no_spacer\"  data-halign=\"left\" style=\"text-align:left\"><div class=\"uvc-heading-spacer no_spacer\" style=\"top\"><\/div><div class=\"uvc-main-heading ult-responsive\"  data-ultimate-target='.uvc-heading.ultimate-heading-662269e364b5985f2 h3'  data-responsive-json-new='{\"font-size\":\"\",\"line-height\":\"\"}' ><h3 style=\"--font-weight:theme;margin-bottom:20px;\">Voc\u00ea \u00e9 a nossa prioridade<\/h3><\/div><div class=\"uvc-sub-heading ult-responsive\"  data-ultimate-target='.uvc-heading.ultimate-heading-662269e364b5985f2 .uvc-sub-heading '  data-responsive-json-new='{\"font-size\":\"\",\"line-height\":\"\"}'  style=\"font-weight:normal;margin-bottom:40px;\">Mais do que vender, queremos oferecer uma experi\u00eancia simples, segura e especial \u2014 porque cuidar de voc\u00ea \u00e9 a nossa prioridade.<\/p>\n<p><\/div><\/div><style type=\"text\/css\" data-type=\"the7_shortcodes-inline-css\">.gallery-shortcode.gallery-masonry-shortcode-id-6a81466869bf56efd2da637562709595 figure,\n.gallery-shortcode.gallery-masonry-shortcode-id-6a81466869bf56efd2da637562709595 .rollover,\n.gallery-shortcode.gallery-masonry-shortcode-id-6a81466869bf56efd2da637562709595 img,\n.gallery-shortcode.gallery-masonry-shortcode-id-6a81466869bf56efd2da637562709595 .gallery-rollover {\n  border-radius: 0px;\n}\n.gallery-shortcode.gallery-masonry-shortcode-id-6a81466869bf56efd2da637562709595.enable-bg-rollover .gallery-rollover {\n  background: -webkit-linear-gradient();\n  background: linear-gradient();\n}\n.gallery-shortcode.gallery-masonry-shortcode-id-6a81466869bf56efd2da637562709595.enable-bg-rollover.hover-scale figure .rollover:after {\n  background: -webkit-linear-gradient();\n  background: linear-gradient();\n}\n.gallery-shortcode.gallery-masonry-shortcode-id-6a81466869bf56efd2da637562709595 .gallery-zoom-ico {\n  width: 44px;\n  height: 44px;\n  line-height: 44px;\n  border-radius: 100px;\n  margin: -22px 0 0 -22px;\n  border-width: 0px;\n  color: #ffffff;\n}\n.dt-icon-bg-on.gallery-shortcode.gallery-masonry-shortcode-id-6a81466869bf56efd2da637562709595 .gallery-zoom-ico {\n  background: rgba(255,255,255,0.3);\n  box-shadow: none;\n}\n.gallery-shortcode.gallery-masonry-shortcode-id-6a81466869bf56efd2da637562709595 .gallery-zoom-ico:before,\n.gallery-shortcode.gallery-masonry-shortcode-id-6a81466869bf56efd2da637562709595 .gallery-zoom-ico span {\n  font-size: 32px;\n  line-height: 44px;\n  color: #ffffff;\n}\n.gallery-shortcode.gallery-masonry-shortcode-id-6a81466869bf56efd2da637562709595:not(.resize-by-browser-width) .dt-css-grid {\n  grid-row-gap: 30px;\n  grid-column-gap: 30px;\n  grid-template-columns: repeat(auto-fill,minmax(,1fr));\n}\n.gallery-shortcode.gallery-masonry-shortcode-id-6a81466869bf56efd2da637562709595:not(.resize-by-browser-width) .dt-css-grid .double-width {\n  grid-column: span 2;\n}\n.cssgridlegacy.no-cssgrid .gallery-shortcode.gallery-masonry-shortcode-id-6a81466869bf56efd2da637562709595:not(.resize-by-browser-width) .dt-css-grid,\n.no-cssgridlegacy.no-cssgrid .gallery-shortcode.gallery-masonry-shortcode-id-6a81466869bf56efd2da637562709595:not(.resize-by-browser-width) .dt-css-grid {\n  display: flex;\n  flex-flow: row wrap;\n  margin: -15px;\n}\n.cssgridlegacy.no-cssgrid .gallery-shortcode.gallery-masonry-shortcode-id-6a81466869bf56efd2da637562709595:not(.resize-by-browser-width) .dt-css-grid .wf-cell,\n.no-cssgridlegacy.no-cssgrid .gallery-shortcode.gallery-masonry-shortcode-id-6a81466869bf56efd2da637562709595:not(.resize-by-browser-width) .dt-css-grid .wf-cell {\n  flex: 1 0 ;\n  max-width: 100%;\n  padding: 15px;\n  box-sizing: border-box;\n}\n.gallery-shortcode.gallery-masonry-shortcode-id-6a81466869bf56efd2da637562709595.resize-by-browser-width .dt-css-grid {\n  grid-template-columns: repeat(2,1fr);\n  grid-template-rows: auto;\n  grid-column-gap: 30px;\n  grid-row-gap: 30px;\n}\n.gallery-shortcode.gallery-masonry-shortcode-id-6a81466869bf56efd2da637562709595.resize-by-browser-width .dt-css-grid .double-width {\n  grid-column: span 2;\n}\n.cssgridlegacy.no-cssgrid .gallery-shortcode.gallery-masonry-shortcode-id-6a81466869bf56efd2da637562709595.resize-by-browser-width .dt-css-grid {\n  margin: -15px;\n}\n.cssgridlegacy.no-cssgrid .gallery-shortcode.gallery-masonry-shortcode-id-6a81466869bf56efd2da637562709595.resize-by-browser-width .dt-css-grid .wf-cell {\n  width: 50%;\n  padding: 15px;\n}\n.cssgridlegacy.no-cssgrid .gallery-shortcode.gallery-masonry-shortcode-id-6a81466869bf56efd2da637562709595.resize-by-browser-width .dt-css-grid .wf-cell.double-width {\n  width: calc(50%) * 2;\n}\n.gallery-shortcode.gallery-masonry-shortcode-id-6a81466869bf56efd2da637562709595.resize-by-browser-width:not(.centered-layout-list):not(.content-bg-on) .dt-css-grid {\n  grid-row-gap: 30px - ;\n}\n@media screen and (max-width: 1199px) {\n  .gallery-shortcode.gallery-masonry-shortcode-id-6a81466869bf56efd2da637562709595.resize-by-browser-width .dt-css-grid {\n    grid-template-columns: repeat(2,1fr);\n  }\n  .cssgridlegacy.no-cssgrid .gallery-shortcode.gallery-masonry-shortcode-id-6a81466869bf56efd2da637562709595.resize-by-browser-width .dt-css-grid .wf-cell,\n  .no-cssgridlegacy.no-cssgrid .gallery-shortcode.gallery-masonry-shortcode-id-6a81466869bf56efd2da637562709595.resize-by-browser-width .dt-css-grid .wf-cell {\n    width: 50%;\n  }\n  .cssgridlegacy.no-cssgrid .gallery-shortcode.gallery-masonry-shortcode-id-6a81466869bf56efd2da637562709595.resize-by-browser-width .dt-css-grid .wf-cell.double-width,\n  .no-cssgridlegacy.no-cssgrid .gallery-shortcode.gallery-masonry-shortcode-id-6a81466869bf56efd2da637562709595.resize-by-browser-width .dt-css-grid .wf-cell.double-width {\n    width: calc(50%)*2;\n  }\n}\n@media screen and (max-width: 991px) {\n  .gallery-shortcode.gallery-masonry-shortcode-id-6a81466869bf56efd2da637562709595.resize-by-browser-width .dt-css-grid {\n    grid-template-columns: repeat(2,1fr);\n  }\n  .cssgridlegacy.no-cssgrid .gallery-shortcode.gallery-masonry-shortcode-id-6a81466869bf56efd2da637562709595.resize-by-browser-width .dt-css-grid .wf-cell,\n  .no-cssgridlegacy.no-cssgrid .gallery-shortcode.gallery-masonry-shortcode-id-6a81466869bf56efd2da637562709595.resize-by-browser-width .dt-css-grid .wf-cell {\n    width: 50%;\n  }\n  .cssgridlegacy.no-cssgrid .gallery-shortcode.gallery-masonry-shortcode-id-6a81466869bf56efd2da637562709595.resize-by-browser-width .dt-css-grid .wf-cell.double-width,\n  .no-cssgridlegacy.no-cssgrid .gallery-shortcode.gallery-masonry-shortcode-id-6a81466869bf56efd2da637562709595.resize-by-browser-width .dt-css-grid .wf-cell.double-width {\n    width: calc(50%)*2;\n  }\n}\n@media screen and (max-width: 767px) {\n  .gallery-shortcode.gallery-masonry-shortcode-id-6a81466869bf56efd2da637562709595.resize-by-browser-width .dt-css-grid {\n    grid-template-columns: repeat(2,1fr);\n  }\n  .cssgridlegacy.no-cssgrid .gallery-shortcode.gallery-masonry-shortcode-id-6a81466869bf56efd2da637562709595.resize-by-browser-width .dt-css-grid .wf-cell,\n  .no-cssgridlegacy.no-cssgrid .gallery-shortcode.gallery-masonry-shortcode-id-6a81466869bf56efd2da637562709595.resize-by-browser-width .dt-css-grid .wf-cell {\n    width: 50%;\n  }\n  .cssgridlegacy.no-cssgrid .gallery-shortcode.gallery-masonry-shortcode-id-6a81466869bf56efd2da637562709595.resize-by-browser-width .dt-css-grid .wf-cell.double-width,\n  .no-cssgridlegacy.no-cssgrid .gallery-shortcode.gallery-masonry-shortcode-id-6a81466869bf56efd2da637562709595.resize-by-browser-width .dt-css-grid .wf-cell.double-width {\n    width: calc(50%)*2;\n  }\n}<\/style><div class=\"gallery-shortcode dt-gallery-container gallery-masonry-shortcode-id-6a81466869bf56efd2da637562709595 mode-grid jquery-filter dt-icon-bg-off dt-css-grid-wrap resize-by-browser-width  hover-fade loading-effect-none description-on-hover\" data-padding=\"15px\" data-cur-page=\"1\" data-post-limit=\"-1\" data-pagination-mode=\"none\" data-desktop-columns-num=\"2\" data-v-tablet-columns-num=\"2\" data-h-tablet-columns-num=\"2\" data-phone-columns-num=\"2\" data-width=\"0px\" data-columns=\"0\"><div class=\"dt-css-grid\" ><div class=\"wf-cell\" data-post-id=\"820\" data-date=\"2020-01-01T08:33:44-03:00\" data-name=\"kristina-petrick-qmyebfKk3pw-unsplash\"><figure class=\"post visible\"><span class=\"rollover layzr-bg\"  title=\"kristina-petrick-qmyebfKk3pw-unsplash\"><img decoding=\"async\" class=\"preload-me iso-lazy-load aspect\" src=\"data:image\/svg+xml,%3Csvg%20xmlns%3D&#39;http%3A%2F%2Fwww.w3.org%2F2000%2Fsvg&#39;%20viewBox%3D&#39;0%200%20558%20836&#39;%2F%3E\" data-src=\"https:\/\/primemultiloja.com.br\/wp-content\/uploads\/2020\/01\/kristina-petrick-qmyebfKk3pw-unsplash-558x836.jpg\" data-srcset=\"https:\/\/primemultiloja.com.br\/wp-content\/uploads\/2020\/01\/kristina-petrick-qmyebfKk3pw-unsplash-558x836.jpg 558w, https:\/\/primemultiloja.com.br\/wp-content\/uploads\/2020\/01\/kristina-petrick-qmyebfKk3pw-unsplash-837x1254.jpg 837w\" loading=\"eager\" style=\"--ratio: 558 \/ 836\" sizes=\"(max-width: 558px) 100vw, 558px\" alt=\"\" width=\"558\" height=\"836\"  \/><span class=\"gallery-rollover\"><span class=\"gallery-zoom-ico icomoon-the7-font-the7-zoom-06\"><span><\/span><\/span><\/span><\/span><\/figure><\/div><div class=\"wf-cell\" data-post-id=\"840\" data-date=\"2020-01-01T08:58:57-03:00\" data-name=\"dmitriy-ilkevich-88daTR_Od3o-unsplash\"><figure class=\"post visible\"><span class=\"rollover layzr-bg\"  title=\"dmitriy-ilkevich-88daTR_Od3o-unsplash\"><img decoding=\"async\" class=\"preload-me iso-lazy-load aspect\" src=\"data:image\/svg+xml,%3Csvg%20xmlns%3D&#39;http%3A%2F%2Fwww.w3.org%2F2000%2Fsvg&#39;%20viewBox%3D&#39;0%200%20558%20836&#39;%2F%3E\" data-src=\"https:\/\/primemultiloja.com.br\/wp-content\/uploads\/2020\/01\/dmitriy-ilkevich-88daTR_Od3o-unsplash-e1577869230640-558x836.jpg\" data-srcset=\"https:\/\/primemultiloja.com.br\/wp-content\/uploads\/2020\/01\/dmitriy-ilkevich-88daTR_Od3o-unsplash-e1577869230640-558x836.jpg 558w, https:\/\/primemultiloja.com.br\/wp-content\/uploads\/2020\/01\/dmitriy-ilkevich-88daTR_Od3o-unsplash-e1577869230640-837x1254.jpg 837w\" loading=\"eager\" style=\"--ratio: 558 \/ 836\" sizes=\"(max-width: 558px) 100vw, 558px\" alt=\"\" width=\"558\" height=\"836\"  \/><span class=\"gallery-rollover\"><span class=\"gallery-zoom-ico icomoon-the7-font-the7-zoom-06\"><span><\/span><\/span><\/span><\/span><\/figure><\/div><\/div><!-- iso-container|iso-grid --><\/div>[\/vc_column][\/vc_row]<\/p>\n<\/div>","protected":false},"excerpt":{"rendered":"<p>[vc_row][vc_column][\/vc_column][\/vc_row]<\/p>\n","protected":false},"author":1,"featured_media":0,"parent":0,"menu_order":0,"comment_status":"closed","ping_status":"closed","template":"","meta":{"footnotes":""},"class_list":["post-2700","page","type-page","status-publish","hentry","description-off"],"yoast_head":"<!-- This site is optimized with the Yoast SEO plugin v27.3 - https:\/\/yoast.com\/product\/yoast-seo-wordpress\/ -->\n<title>Sobre N\u00f3s - Wordpress<\/title>\n<meta name=\"robots\" content=\"index, follow, max-snippet:-1, max-image-preview:large, max-video-preview:-1\" \/>\n<link rel=\"canonical\" href=\"https:\/\/primemultiloja.com.br\/index.php\/sobre-nos\/\" \/>\n<meta property=\"og:locale\" content=\"pt_BR\" \/>\n<meta property=\"og:type\" content=\"article\" \/>\n<meta property=\"og:title\" content=\"Sobre N\u00f3s - Wordpress\" \/>\n<meta property=\"og:description\" content=\"[vc_row][vc_column][\/vc_column][\/vc_row]\" \/>\n<meta property=\"og:url\" content=\"https:\/\/primemultiloja.com.br\/index.php\/sobre-nos\/\" \/>\n<meta property=\"og:site_name\" content=\"Wordpress\" \/>\n<meta property=\"article:modified_time\" content=\"2026-04-05T17:26:31+00:00\" \/>\n<meta name=\"twitter:card\" content=\"summary_large_image\" \/>\n<meta name=\"twitter:label1\" content=\"Est. tempo de leitura\" \/>\n\t<meta name=\"twitter:data1\" content=\"1 minuto\" \/>\n<script type=\"application\/ld+json\" class=\"yoast-schema-graph\">{\"@context\":\"https:\\\/\\\/schema.org\",\"@graph\":[{\"@type\":\"WebPage\",\"@id\":\"https:\\\/\\\/primemultiloja.com.br\\\/index.php\\\/sobre-nos\\\/\",\"url\":\"https:\\\/\\\/primemultiloja.com.br\\\/index.php\\\/sobre-nos\\\/\",\"name\":\"Sobre N\u00f3s - Wordpress\",\"isPartOf\":{\"@id\":\"https:\\\/\\\/primemultiloja.com.br\\\/#website\"},\"datePublished\":\"2019-12-12T09:25:07+00:00\",\"dateModified\":\"2026-04-05T17:26:31+00:00\",\"breadcrumb\":{\"@id\":\"https:\\\/\\\/primemultiloja.com.br\\\/index.php\\\/sobre-nos\\\/#breadcrumb\"},\"inLanguage\":\"pt-BR\",\"potentialAction\":[{\"@type\":\"ReadAction\",\"target\":[\"https:\\\/\\\/primemultiloja.com.br\\\/index.php\\\/sobre-nos\\\/\"]}]},{\"@type\":\"BreadcrumbList\",\"@id\":\"https:\\\/\\\/primemultiloja.com.br\\\/index.php\\\/sobre-nos\\\/#breadcrumb\",\"itemListElement\":[{\"@type\":\"ListItem\",\"position\":1,\"name\":\"Home\",\"item\":\"https:\\\/\\\/primemultiloja.com.br\\\/\"},{\"@type\":\"ListItem\",\"position\":2,\"name\":\"Sobre N\u00f3s\"}]},{\"@type\":\"WebSite\",\"@id\":\"https:\\\/\\\/primemultiloja.com.br\\\/#website\",\"url\":\"https:\\\/\\\/primemultiloja.com.br\\\/\",\"name\":\"Wordpress\",\"description\":\"\",\"potentialAction\":[{\"@type\":\"SearchAction\",\"target\":{\"@type\":\"EntryPoint\",\"urlTemplate\":\"https:\\\/\\\/primemultiloja.com.br\\\/?s={search_term_string}\"},\"query-input\":{\"@type\":\"PropertyValueSpecification\",\"valueRequired\":true,\"valueName\":\"search_term_string\"}}],\"inLanguage\":\"pt-BR\"}]}<\/script>\n<!-- \/ Yoast SEO plugin. -->","yoast_head_json":{"title":"Sobre N\u00f3s - Wordpress","robots":{"index":"index","follow":"follow","max-snippet":"max-snippet:-1","max-image-preview":"max-image-preview:large","max-video-preview":"max-video-preview:-1"},"canonical":"https:\/\/primemultiloja.com.br\/index.php\/sobre-nos\/","og_locale":"pt_BR","og_type":"article","og_title":"Sobre N\u00f3s - Wordpress","og_description":"[vc_row][vc_column][\/vc_column][\/vc_row]","og_url":"https:\/\/primemultiloja.com.br\/index.php\/sobre-nos\/","og_site_name":"Wordpress","article_modified_time":"2026-04-05T17:26:31+00:00","twitter_card":"summary_large_image","twitter_misc":{"Est. tempo de leitura":"1 minuto"},"schema":{"@context":"https:\/\/schema.org","@graph":[{"@type":"WebPage","@id":"https:\/\/primemultiloja.com.br\/index.php\/sobre-nos\/","url":"https:\/\/primemultiloja.com.br\/index.php\/sobre-nos\/","name":"Sobre N\u00f3s - Wordpress","isPartOf":{"@id":"https:\/\/primemultiloja.com.br\/#website"},"datePublished":"2019-12-12T09:25:07+00:00","dateModified":"2026-04-05T17:26:31+00:00","breadcrumb":{"@id":"https:\/\/primemultiloja.com.br\/index.php\/sobre-nos\/#breadcrumb"},"inLanguage":"pt-BR","potentialAction":[{"@type":"ReadAction","target":["https:\/\/primemultiloja.com.br\/index.php\/sobre-nos\/"]}]},{"@type":"BreadcrumbList","@id":"https:\/\/primemultiloja.com.br\/index.php\/sobre-nos\/#breadcrumb","itemListElement":[{"@type":"ListItem","position":1,"name":"Home","item":"https:\/\/primemultiloja.com.br\/"},{"@type":"ListItem","position":2,"name":"Sobre N\u00f3s"}]},{"@type":"WebSite","@id":"https:\/\/primemultiloja.com.br\/#website","url":"https:\/\/primemultiloja.com.br\/","name":"Wordpress","description":"","potentialAction":[{"@type":"SearchAction","target":{"@type":"EntryPoint","urlTemplate":"https:\/\/primemultiloja.com.br\/?s={search_term_string}"},"query-input":{"@type":"PropertyValueSpecification","valueRequired":true,"valueName":"search_term_string"}}],"inLanguage":"pt-BR"}]}},"_links":{"self":[{"href":"https:\/\/primemultiloja.com.br\/index.php\/wp-json\/wp\/v2\/pages\/2700","targetHints":{"allow":["GET"]}}],"collection":[{"href":"https:\/\/primemultiloja.com.br\/index.php\/wp-json\/wp\/v2\/pages"}],"about":[{"href":"https:\/\/primemultiloja.com.br\/index.php\/wp-json\/wp\/v2\/types\/page"}],"author":[{"embeddable":true,"href":"https:\/\/primemultiloja.com.br\/index.php\/wp-json\/wp\/v2\/users\/1"}],"replies":[{"embeddable":true,"href":"https:\/\/primemultiloja.com.br\/index.php\/wp-json\/wp\/v2\/comments?post=2700"}],"version-history":[{"count":2,"href":"https:\/\/primemultiloja.com.br\/index.php\/wp-json\/wp\/v2\/pages\/2700\/revisions"}],"predecessor-version":[{"id":2804,"href":"https:\/\/primemultiloja.com.br\/index.php\/wp-json\/wp\/v2\/pages\/2700\/revisions\/2804"}],"wp:attachment":[{"href":"https:\/\/primemultiloja.com.br\/index.php\/wp-json\/wp\/v2\/media?parent=2700"}],"curies":[{"name":"wp","href":"https:\/\/api.w.org\/{rel}","templated":true}]}}